{"id":77,"date":"2011-06-28T15:56:41","date_gmt":"2011-06-28T15:56:41","guid":{"rendered":"http:\/\/lf-law.at\/?page_id=77"},"modified":"2024-06-08T09:56:11","modified_gmt":"2024-06-08T07:56:11","slug":"dr-philipp-langle","status":"publish","type":"page","link":"https:\/\/lf-law.at\/index.php\/team\/dr-philipp-langle\/","title":{"rendered":"Dr. Philipp L\u00e4ngle"},"content":{"rendered":"<h1>Dr. Philipp L\u00e4ngle<\/h1>\n<p>Rechtsanwalt<\/p>\n<h2>Vita.<\/h2>\n<p>Matura am Bundesgymnasium Dornbirn, mit Auszeichnung<br \/>\nUniversit\u00e4t Wien, Diplomstudium Rechtswissenschaften, Leistungsstipendium des Akademischen Senates der Universit\u00e4t Wien<br \/>\nUniversit\u00e4t Wien, Doktoratsstudium Rechtswissenschaften, mit Auszeichnung<br \/>\nUniversit\u00e4tsassisent am Institut f\u00fcr Recht der Wirtschaft der Universit\u00e4t Wien<br \/>\nLehrbeauftragter f\u00fcr B\u00fcrgerliches Recht und Handelsrecht sowie Gesellschaftsrecht an der Universit\u00e4t Wien<br \/>\nGerichtspraxis\u00a0im Sprengel des OLG Wien<br \/>\nAnwaltsausbildung in einer renommierten Wiener Wirtschaftskanzlei und einer renommierten Vorarlberger Anwaltskanzlei<br \/>\nRechtsanwaltspr\u00fcfung, Oberlandesgericht Innsbruck, mit Auszeichnung<br \/>\nNotariatspr\u00fcfung, Oberlandesgericht Innsbruck, mit Auszeichnung<\/p>\n<h2>Fachliche Schwerpunkte.<\/h2>\n<ul>\n<li>Bau- und Bauvertragsrecht<\/li>\n<li>Vertragsrecht<\/li>\n<li>Liegenschaftsrecht<\/li>\n<li>Erbrecht<\/li>\n<li>Gesellschaftsrecht<\/li>\n<li>Unternehmensrecht<\/li>\n<li>Wirtschaftsrecht<\/li>\n<li>Wirtschaftsstrafrecht<\/li>\n<li>Schadenersatzrecht<\/li>\n<\/ul>\n<h2>Funktion.<\/h2>\n<ul>\n<li>Ausschussmitglied der Vorarlberger Juristischen Gesellschaft seit 2006<\/li>\n<li>Vizepr\u00e4sident der Vorarlberger Juristischen Gesellschaft 2008-2016<\/li>\n<li>Mitglied der \u00d6sterreichischen Gesellschaft f\u00fcr Baurecht<\/li>\n<li>Mitglied des \u00d6sterreichischen Juristentages<\/li>\n<li>Pr\u00fcfungskommiss\u00e4r f\u00fcr die Rechtsanwaltspr\u00fcfung beim Oberlandesgericht Innsbruck 2012-2020<\/li>\n<li>Pr\u00e4sident des Vorarlberger Schachverbandes seit 2016<\/li>\n<li>Vizepr\u00e4sident des \u00d6sterreichischen Schachbundes 2021-2024<\/li>\n<li>Honorarkonsul des K\u00f6nigreichs Spanien seit 2019<\/li>\n<\/ul>\n<h2>Ver\u00f6ffentlichungen.<\/h2>\n<p><em>L\u00e4ngle,<\/em> Das Entgelt beim Bauvertrag (Orac 1999)<\/p>\n<p><em>L\u00e4ngle, <\/em>Ist das \u00f6sterreichische Grundbuchsrecht gemeinschaftswidrig? immolex 1999, 180<\/p>\n<p><em>L\u00e4ngle, <\/em>Die Verg\u00fctung bei Mengen\u00e4nderungen, ecolex 2000, 629<\/p>\n<p><em>L\u00e4ngle, <\/em>Die neue \u00d6Norm B2110 &#8211; ein Ref\u00f6rmchen, RdW 2000\/182<\/p>\n<p><em>L\u00e4ngle,<\/em> Gr\u00fcndungsgesch\u00e4fte werdender Unternehmer im Spannungsfeld zwischen HGB und KSchG, in: FS Krejci (2001), Bd I, 227<\/p>\n<p><em>L\u00e4ngle,<\/em> Schadenersatz statt Gew\u00e4hrleistung &#8211; Sofortiger Anspruch auf das Deckungskapital, Anm zu OGH 2 Ob 355\/98i, 20. 5. 2000, \u00d6GeBau-Journal 2000, 2<\/p>\n<p><em>L\u00e4ngle,<\/em> Zur Anwendung der 20%-Klausel der \u00d6Norm B 2110, Anm zu OGH 22. 2. 2000, 2 Ob 336\/98w, ecolex 2000, 505<\/p>\n<p><em>Karasek\/L\u00e4ngle, <\/em>Anpassung eines Geb\u00e4udes an den Stand der Technik, Anm zu OGH 21. 12. 1993, 1 Ob 600\/93 und OGH 13. 7. 1999, 4 Ob 179\/99y, \u00d6GeBau-Journal 2001, 60<\/p>\n<p><em>L\u00e4ngle, <\/em>Haftung mehrerer Sch\u00e4diger &#8211; unverz\u00fcgliche Verst\u00e4ndigung notwendig, Anm zu OGH 17. 1. 2001, 6 Ob 98\/00f, \u00d6GeBau-Journal 2001, 178<\/p>\n<p><em>L\u00e4ngle, <\/em>Geltungsgrund der \u00d6NORM B2110 &#8211; Vereinbarung erforderlich, Anm zu OGH 23. 1. 2001, 7 Ob 265\/00x, \u00d6GeBau-Journal 2001, 181<\/p>\n<p><em>L\u00e4ngle, <\/em>Verj\u00e4hrung der Werklohnforderung trotz mangelnder F\u00e4lligkeit, Anm zu OGH 28. 11. 2012, 7 Ob 138\/12p, ZRB 2013, 48<\/p>\n","protected":false},"excerpt":{"rendered":"<p>Dr. Philipp L\u00e4ngle Rechtsanwalt Vita. Matura am Bundesgymnasium Dornbirn, mit Auszeichnung Universit\u00e4t Wien, Diplomstudium Rechtswissenschaften, Leistungsstipendium des Akademischen Senates der Universit\u00e4t Wien Universit\u00e4t Wien, Doktoratsstudium Rechtswissenschaften, mit Auszeichnung Universit\u00e4tsassisent am Institut f\u00fcr Recht der Wirtschaft der Universit\u00e4t Wien Lehrbeauftragter f\u00fcr &hellip; <a href=\"https:\/\/lf-law.at\/index.php\/team\/dr-philipp-langle\/\">Weiterlesen <span class=\"meta-nav\">&rarr;<\/span><\/a><\/p>\n","protected":false},"author":1,"featured_media":180,"parent":7,"menu_order":2,"comment_status":"closed","ping_status":"open","template":"onecolumn-page.php","meta":{"footnotes":""},"class_list":["post-77","page","type-page","status-publish","has-post-thumbnail","hentry"],"_links":{"self":[{"href":"https:\/\/lf-law.at\/index.php\/wp-json\/wp\/v2\/pages\/77","targetHints":{"allow":["GET"]}}],"collection":[{"href":"https:\/\/lf-law.at\/index.php\/wp-json\/wp\/v2\/pages"}],"about":[{"href":"https:\/\/lf-law.at\/index.php\/wp-json\/wp\/v2\/types\/page"}],"author":[{"embeddable":true,"href":"https:\/\/lf-law.at\/index.php\/wp-json\/wp\/v2\/users\/1"}],"replies":[{"embeddable":true,"href":"https:\/\/lf-law.at\/index.php\/wp-json\/wp\/v2\/comments?post=77"}],"version-history":[{"count":22,"href":"https:\/\/lf-law.at\/index.php\/wp-json\/wp\/v2\/pages\/77\/revisions"}],"predecessor-version":[{"id":716,"href":"https:\/\/lf-law.at\/index.php\/wp-json\/wp\/v2\/pages\/77\/revisions\/716"}],"up":[{"embeddable":true,"href":"https:\/\/lf-law.at\/index.php\/wp-json\/wp\/v2\/pages\/7"}],"wp:featuredmedia":[{"embeddable":true,"href":"https:\/\/lf-law.at\/index.php\/wp-json\/wp\/v2\/media\/180"}],"wp:attachment":[{"href":"https:\/\/lf-law.at\/index.php\/wp-json\/wp\/v2\/media?parent=77"}],"curies":[{"name":"wp","href":"https:\/\/api.w.org\/{rel}","templated":true}]}}