{"id":68,"date":"2011-06-28T14:33:55","date_gmt":"2011-06-28T14:33:55","guid":{"rendered":"http:\/\/lf-law.at\/?page_id=68"},"modified":"2015-04-23T00:52:49","modified_gmt":"2015-04-22T22:52:49","slug":"agb","status":"publish","type":"page","link":"https:\/\/lf-law.at\/index.php\/ecg-agb\/agb\/","title":{"rendered":"AGB"},"content":{"rendered":"<h2>Allgemeine Gesch\u00e4ftsbedingungen<\/h2>\n<p><strong><span style=\"color: #444444; font-size: 16px; line-height: 24px;\">1. Betreiber und Adressaten der Website.<\/span><\/strong><\/p>\n<p>Betreiber dieser Website ist die L\u00e4ngle Fussenegger Singer Rechtsanw\u00e4lte Partnerschaft mit Sitz in Dornbirn. Diese Website richtet sich ausschlie\u00dflich an Unternehmer einerseits und Verbraucher, die ihren Wohnsitz und gew\u00f6hnlichen Aufenthalt in \u00d6sterreich haben, andererseits.<\/p>\n<p><strong>2. Geltungsbereich.<\/strong><\/p>\n<p>Diese Allgemeinen Gesch\u00e4ftsbedingungen gelten f\u00fcr alle Vorg\u00e4nge im Zusammenhang mit der Nutzung dieser Website der L\u00e4ngle Fussenegger Singer Rechtsanw\u00e4lte Partnerschaft, und zwar unabh\u00e4ngig davon, ob zwischen dem Besucher dieser Website einerseits und der L\u00e4ngle Fussenegger Singer Rechtsanw\u00e4lte Partnerschaft andererseits bereits ein Mandat besteht. Sie gehen allenfalls bestehenden anderen Allgemeinen Gesch\u00e4ftsbedingungen vor und schlie\u00dfen diese aus. Unter den Begriff &#8222;Website&#8220; in diesem Sinne fallen s\u00e4mtliche Inhalte, welche unter dem URL &#8222;http:\/\/www.lf-law.at&#8220; oder einem auf diesem basierenden URL (&#8222;http:\/\/www.lf-law.at\/&#8230;&#8220;) angezeigt werden (interne Links).<\/p>\n<p><strong>3. Haftungsausschluss.<\/strong><\/p>\n<p>In Bezug auf die Richtigkeit, Aktualit\u00e4t, Rechtm\u00e4\u00dfigkeit und Vollst\u00e4ndigkeit dieser Website sowie jener Websites, welche durch Links der gegenst\u00e4ndlichen Website erreichbar sind, wird keinerlei Haftung \u00fcbernommen. Ebenso wird keinerlei Haftung in Bezug auf die Richtigkeit, Aktualit\u00e4t, Rechtm\u00e4\u00dfigkeit und Vollst\u00e4ndigkeit jener Websites \u00fcbernommen, welche durch Links oder sonstige Informationen auf die gegenst\u00e4ndliche Website oder Teile davon verweisen. In den Inhalten dieser Website liegen mit Ausnahme der Geltung dieser Allgemeinen Gesch\u00e4ftsbedingungen keinerlei verbindlichen Angebote oder sonstige verbindliche Willenserkl\u00e4rungen seitens der L\u00e4ngle Fussenegger Singer Rechtsanw\u00e4lte Partnerschaft. Insbesondere begr\u00fcndet das Absenden eines E-Mails an die L\u00e4ngle Fussenegger Singer Rechtsanw\u00e4lte Partnerschaft oder deren Mitarbeiter keinerlei Rechtsbeziehung zwischen dieser einerseits und dem Absender des E-Mails oder einer anderen Person andererseits. Die L\u00e4ngle Fussenegger Singer Rechtsanw\u00e4lte Partnerschaft ist daher keinesfalls verpflichtet, an sie oder deren Mitarbeiter gesendete E-Mails zu beantworten oder darauf in welcher Form auch immer zu reagieren.<\/p>\n<p><strong>4. Links.<\/strong><\/p>\n<p>Links auf diese Website sind bis auf Widerruf gestattet, die L\u00e4ngle Fussenegger Singer Rechtsanw\u00e4lte Partnerschaft ist davon aber unverz\u00fcglich und schriftlich in Kenntnis zu setzen. Deep-Links sind nicht gestattet. \u00dcber Verlangen der L\u00e4ngle Fussenegger Singer Rechtsanw\u00e4lte Partnerschaft sind Links auf diese Website unverz\u00fcglich und vollst\u00e4ndig zu entfernen.<\/p>\n<p><strong>5. Bestehende Mandate.<\/strong><\/p>\n<p>Diese Allgemeinen Gesch\u00e4ftsbedingungen gelten auch f\u00fcr solche Besucher dieser Website, die die L\u00e4ngle Fussenegger Singer Rechtsanw\u00e4lte Partnerschaft mit einem oder mehreren Mandaten beauftragt haben. Vereinbarungen, die im Zusammenhang mit dem oder den Mandat(en) getroffen worden sind, gehen diesen Allgemeinen Gesch\u00e4ftsbedingungen vor, wenn sie mit diesen unvereinbar sind.<\/p>\n<p><strong>6. Urheberrechte.<\/strong><\/p>\n<p>Es wird ausdr\u00fccklich untersagt, den Inhalt, die graphischen und typographischen Elemente sowie die auf HTML und JavaScript basierende Codierung dieser Website zum Zwecke der Verwendung f\u00fcr sich oder f\u00fcr Dritte zu kopieren oder auf sonstige Weise zu \u00fcbernehmen und\/oder zu verwenden. Zuwiderhandlungen werden zivil- und strafrechtlich verfolgt. Unbeschadet hiervon wird der Besucher dieser Website auf die M\u00f6glichkeit hingewiesen, diese Allgemeinen Gesch\u00e4ftsbedingungen abspeichern und ausdrucken zu k\u00f6nnen.<\/p>\n<p><strong>7. Gerichtsstand und anwendbares Recht.<\/strong><\/p>\n<p>Streitigkeiten im Zusammenhang mit dieser Website werden vor dem sachlich und \u00f6rtlich f\u00fcr Dornbirn zust\u00e4ndigen Gericht ausgetragen. Es gilt \u00f6sterreichisches Recht.<\/p>\n<p><strong>8. Salvatorische Klausel.<\/strong><\/p>\n<p>Sollten einzelne Bestimmungen dieser Allgemeinen Gesch\u00e4ftsbedingungen teilweise oder ganz aus welchem Grund immer rechtsunwirksam sein, so ber\u00fchrt dies nicht die Wirksamkeit der \u00fcbrigen Bestimmungen. Die Vertragsparteien verpflichten sich aber, die teilweise oder ganz unwirksame Bestimmung durch eine solche zu ersetzen, die der unwirksamen rechtlich und wirtschaftlich am n\u00e4chsten kommt.<\/p>\n<p>Dornbirn, am 22.04.2015<\/p>\n<p><em><strong>L\u00e4ngle Fussenegger Singer Rechtsanw\u00e4lte Partnerschaft<\/strong><\/em><\/p>\n","protected":false},"excerpt":{"rendered":"<p>Allgemeine Gesch\u00e4ftsbedingungen 1. Betreiber und Adressaten der Website. Betreiber dieser Website ist die L\u00e4ngle Fussenegger Singer Rechtsanw\u00e4lte Partnerschaft mit Sitz in Dornbirn. Diese Website richtet sich ausschlie\u00dflich an Unternehmer einerseits und Verbraucher, die ihren Wohnsitz und gew\u00f6hnlichen Aufenthalt in \u00d6sterreich &hellip; <a href=\"https:\/\/lf-law.at\/index.php\/ecg-agb\/agb\/\">Weiterlesen <span class=\"meta-nav\">&rarr;<\/span><\/a><\/p>\n","protected":false},"author":1,"featured_media":0,"parent":64,"menu_order":2,"comment_status":"closed","ping_status":"open","template":"onecolumn-page.php","meta":{"footnotes":""},"class_list":["post-68","page","type-page","status-publish","hentry"],"_links":{"self":[{"href":"https:\/\/lf-law.at\/index.php\/wp-json\/wp\/v2\/pages\/68","targetHints":{"allow":["GET"]}}],"collection":[{"href":"https:\/\/lf-law.at\/index.php\/wp-json\/wp\/v2\/pages"}],"about":[{"href":"https:\/\/lf-law.at\/index.php\/wp-json\/wp\/v2\/types\/page"}],"author":[{"embeddable":true,"href":"https:\/\/lf-law.at\/index.php\/wp-json\/wp\/v2\/users\/1"}],"replies":[{"embeddable":true,"href":"https:\/\/lf-law.at\/index.php\/wp-json\/wp\/v2\/comments?post=68"}],"version-history":[{"count":5,"href":"https:\/\/lf-law.at\/index.php\/wp-json\/wp\/v2\/pages\/68\/revisions"}],"predecessor-version":[{"id":370,"href":"https:\/\/lf-law.at\/index.php\/wp-json\/wp\/v2\/pages\/68\/revisions\/370"}],"up":[{"embeddable":true,"href":"https:\/\/lf-law.at\/index.php\/wp-json\/wp\/v2\/pages\/64"}],"wp:attachment":[{"href":"https:\/\/lf-law.at\/index.php\/wp-json\/wp\/v2\/media?parent=68"}],"curies":[{"name":"wp","href":"https:\/\/api.w.org\/{rel}","templated":true}]}}