{"id":21,"date":"2011-06-28T09:38:28","date_gmt":"2011-06-28T09:38:28","guid":{"rendered":"http:\/\/lf-law.at\/?page_id=21"},"modified":"2020-09-25T10:19:58","modified_gmt":"2020-09-25T08:19:58","slug":"kontakt","status":"publish","type":"page","link":"https:\/\/lf-law.at\/index.php\/kontakt\/","title":{"rendered":"Kontakt"},"content":{"rendered":"<h2>LF-LAW<\/h2>\n<p>L\u00e4ngle Fussenegger Singer<br \/>\nRechtsanw\u00e4lte Partnerschaft<\/p>\n<p>Lustenauerstra\u00dfe 64 | 6850 Dornbirn | Austria<\/p>\n<p>T: +43 5572 \/ 39 88 99 | F: 39 88 99-9<br \/>\n<a href=\"mailto:office@lf-law.at\">office@LF-LAW.at<\/a> | www.LF-LAW.at<\/p>\n<p>[&#8211;spalte&#8211;]<\/p>\n<h2>Parkplatzgarantie<\/h2>\n<p>Unsere Kanzlei liegt im B\u00fcrogeb\u00e4ude &#8222;element&#8220; in Dornbirn nur ca. 7 Gehminuten vom Bahnhof Dornbirn-Schoren entfernt. Haltestellen f\u00fcr Linienbusse befinden sich unmittelbar vor der Kanzlei. Sie k\u00f6nnen uns auch bequem per PKW erreichen: Ihnen stehen sowohl um das Geb\u00e4ude als auch in der Tiefgarage kostenlose Parkpl\u00e4tze zur Verf\u00fcgung.<\/p>\n<p>[&#8211;spalte&#8211;]<\/p>\n<h2>\u00d6ffnungszeiten<\/h2>\n<p>Mo bis Do 08.00 bis 12.00 Uhr<br \/>\nund 13.30 bis 17.00 Uhr<br \/>\nFr 08.00 bis 12.00 Uhr<br \/>\nsowie nach Vereinbarung<\/p>\n","protected":false},"excerpt":{"rendered":"<p>LF-LAW L\u00e4ngle Fussenegger Singer Rechtsanw\u00e4lte Partnerschaft Lustenauerstra\u00dfe 64 | 6850 Dornbirn | Austria T: +43 5572 \/ 39 88 99 | F: 39 88 99-9 office@LF-LAW.at | www.LF-LAW.at [&#8211;spalte&#8211;] Parkplatzgarantie Unsere Kanzlei liegt im B\u00fcrogeb\u00e4ude &#8222;element&#8220; in Dornbirn nur ca. &hellip; <a href=\"https:\/\/lf-law.at\/index.php\/kontakt\/\">Weiterlesen <span class=\"meta-nav\">&rarr;<\/span><\/a><\/p>\n","protected":false},"author":1,"featured_media":106,"parent":0,"menu_order":0,"comment_status":"closed","ping_status":"closed","template":"","meta":{"footnotes":""},"class_list":["post-21","page","type-page","status-publish","has-post-thumbnail","hentry"],"_links":{"self":[{"href":"https:\/\/lf-law.at\/index.php\/wp-json\/wp\/v2\/pages\/21","targetHints":{"allow":["GET"]}}],"collection":[{"href":"https:\/\/lf-law.at\/index.php\/wp-json\/wp\/v2\/pages"}],"about":[{"href":"https:\/\/lf-law.at\/index.php\/wp-json\/wp\/v2\/types\/page"}],"author":[{"embeddable":true,"href":"https:\/\/lf-law.at\/index.php\/wp-json\/wp\/v2\/users\/1"}],"replies":[{"embeddable":true,"href":"https:\/\/lf-law.at\/index.php\/wp-json\/wp\/v2\/comments?post=21"}],"version-history":[{"count":14,"href":"https:\/\/lf-law.at\/index.php\/wp-json\/wp\/v2\/pages\/21\/revisions"}],"predecessor-version":[{"id":549,"href":"https:\/\/lf-law.at\/index.php\/wp-json\/wp\/v2\/pages\/21\/revisions\/549"}],"wp:featuredmedia":[{"embeddable":true,"href":"https:\/\/lf-law.at\/index.php\/wp-json\/wp\/v2\/media\/106"}],"wp:attachment":[{"href":"https:\/\/lf-law.at\/index.php\/wp-json\/wp\/v2\/media?parent=21"}],"curies":[{"name":"wp","href":"https:\/\/api.w.org\/{rel}","templated":true}]}}